{"id":146,"date":"2025-02-24T12:52:50","date_gmt":"2025-02-24T11:52:50","guid":{"rendered":"https:\/\/mondocoleccion.com\/?page_id=146"},"modified":"2025-09-23T09:38:57","modified_gmt":"2025-09-23T07:38:57","slug":"avis-legal","status":"publish","type":"page","link":"https:\/\/mondocoleccion.com\/en\/avis-legal\/","title":{"rendered":"Av\u00eds Legal"},"content":{"rendered":"<p>L&#8217;\u00fas d\u00b4aquest lloc web, www.mondocoleccion.com, implica l\u00b4acceptaci\u00f3 d\u00b4aquests termes. Si no esteu d\u2019acord amb ells, us preguem que no utilitzeu aquest lloc web.<\/p><p>Aquest Av\u00eds Legal regula l\u2019\u00fas del lloc web www.mondocoleccion.com sent el seu titular JOAN ARAGO CREHUET<\/p><p>Responsable del tractament de les teves dades personals<\/p><p>Identitat del Responsable : JOAN ARAGO CREHUET<br>Correu electr\u00f2nic :  mondocoleccion.barcelona@gmail.com<br>Web : www.mondocoleccion.com<br>Tel\u00e8fon : 649379280 &#8211; 682269119<\/p><p><br>En compliment del que disposa el Reglament Europeu 2016\/679 de Protecci\u00f3 de Dades de Car\u00e0cter Personal, RGPD, i la Llei Org\u00e0nica 3\/2018, LOPD-GDD, JOAN ARAGO CREHUET, us informa que, les dades de car\u00e0cter personal que ens proporcioni a trav\u00e9s del nostre formulari de Contacte a la nostra p\u00e0gina web, es recolliran a les nostres bases de dades sent responsable JOAN ARAGO CREHUET.<\/p><p>Podreu exercir els vostres drets d\u2019acc\u00e9s, rectificaci\u00f3, portabilitat i supressi\u00f3 de les vostres dades i les de limitaci\u00f3 i oposici\u00f3 al vostre tractament en els termes i en les condicions previstes a la normativa legal vigent, adre\u00e7ant-vos per escrit a JOAN ARAGO CREHUET amb un e-mail a info@mondocolecci\u00f3n.<\/p><p>De conformitat amb l\u2019article 32 del RGPD i amb el marc normatiu general de protecci\u00f3 de dades, JOAN ARAGO CREHUET ha adoptat les mesures de seguretat, t\u00e8cniques, organitzatives i de control proactiu necess\u00e0ries. Tot aix\u00f2, en funci\u00f3 de lan\u00e0lisi pr\u00e8via del risc de les operacions de tractament realitzades.<\/p><p>JOAN ARAGO CREHUET es compromet a portar un registre de les activitats de tractament tal com es disposa a l\u2019article 30.2 del RGPD.<\/p><p>Us preguem que comuniqueu immediatament a JOAN ARAGO CREHUET qualsevol modificaci\u00f3 de les vostres dades de car\u00e0cter personal perqu\u00e8 la informaci\u00f3 que contenen els nostres fitxers estigui sempre actualitzada i no contingui errors.<\/p><p>Aix\u00ed mateix, amb l\u2019acceptaci\u00f3 d\u2019aquest Av\u00eds Legal reconeix que la informaci\u00f3 i les dades personals recollides s\u00f3n exactes i veraces. La recollida de les vostres dades de car\u00e0cter personal es realitza per tal de prestar els serveis sol\u00b7licitats i remetre-li informaci\u00f3 sobre l\u2019entitat o ofertes comercials d\u2019altres productes i serveis, avisos i, en general, informaci\u00f3 de JOAN ARAGO CREHUET que pugui ser del vostre inter\u00e8s. De conformitat amb el que preveu la normativa actual vigent, en emplenar qualsevol dels formularis que apareixen a la nostra p\u00e0gina web, d\u00f3na el seu consentiment perqu\u00e8 les seves dades siguin tractades, per tal de dirigir informaci\u00f3, sempre en l\u2019\u00e0mbit de les funcions leg\u00edtimes de cedent i cessionari.<\/p><p>Tamb\u00e9 autoritza JOAN ARAGO CREHUET perqu\u00e8 li puguin remetre comunicacions comercials a trav\u00e9s del correu electr\u00f2nic o de qualsevol altre mitj\u00e0 de comunicaci\u00f3 electr\u00f2nica equivalent. Les autoritzacions per a l\u2019enviament d\u2019informaci\u00f3 comercial, cessi\u00f3 de dades i enviament de comunicacions comercials per mitjans electr\u00f2nics seran revocables, en qualsevol moment, mitjan\u00e7ant comunicaci\u00f3 escrita dirigida a RESTAURANT CAN NET SL a l\u2019adre\u00e7a abans esmentada, en la qual haur\u00e0 d\u2019indicar les dades seg\u00fcents per a la seva identificaci\u00f3: nom i adre\u00e7a.<\/p><p>JOAN ARAGO CREHUET es compromet a tractar de manera absolutament confidencial les vostres dades de car\u00e0cter personal i utilitzar-lo nom\u00e9s per a les finalitats indicades.<\/p><p>JOAN ARAGO CREHUET informa que procedir\u00e0 a tractar les dades de manera l\u00edcita, lleial, transparent, adequada, pertinent, limitada, exacta i actualitzada. \u00c9s per aix\u00f2 que JOAN ARAGO CREHUET es compromet a adoptar totes les mesures raonables perqu\u00e8 aquests se suprimeixin o rectifiquin sense dilaci\u00f3 quan siguin inexactes.<\/p><p>Aix\u00ed mateix, us informem que JOAN ARAGO CREHUET t\u00e9 implantades les mesures t\u00e8cniques i organitzatives necess\u00e0ries per garantir la seguretat de les vostres dades de car\u00e0cter personal i evitar la seva alteraci\u00f3, p\u00e8rdua i tractament i\/o acc\u00e9s no autoritzat, tenint en compte l\u2019estat de la tecnologia, la naturalesa de les dades emmagatzemades i els riscos, provinents de l\u2019acci\u00f3 humana o del medi f\u00edsic i natural, a qu\u00e8 estan exposats.<\/p><p>Contingut, termes legals i responsabilitats.<\/p><p>El lloc web inclou continguts elaborats pel titular del mateix i els seus col\u00b7laboradors, els quals tenen fins merament informatius, ja que en alguna ocasi\u00f3, aquests podrien no reflectir lactualitat m\u00e9s recent, per la qual cosa en qualsevol moment aquests continguts podran ser modificats i\/ o substitu\u00efts per uns de nous, sense notificaci\u00f3 pr\u00e8via, ni responsabilitat.<\/p><p>Els continguts del lloc web no poden ser considerats, en cap cas, com a substitutius de qualsevol tipus dassessorament. No hi haur\u00e0 cap mena de relaci\u00f3 comercial, professional, ni cap mena de relaci\u00f3 d\u2019una altra \u00edndole amb els professionals que integren el lloc web pel sol fet de l\u2019acc\u00e9s per part dels usuaris.<\/p><p>Per al cas d\u2019existir enlla\u00e7os amb diferents llocs web, JOAN ARAGO CREHUET, no es far\u00e0 responsable del contingut en no tenir control sobre aquests.<\/p><p>L\u2019usuari quan accedeix al lloc web, ho fa pel seu compte i risc. JOAN ARAGO CREHUET no garanteix ni la rapidesa, ni la interrupci\u00f3, ni l\u2019abs\u00e8ncia de virus al lloc web. Aix\u00ed mateix, el titular del lloc web, els col\u00b7laboradors, els seus socis, empleats i representants tampoc no podran ser considerats responsables per qualsevol dany derivat de la utilitzaci\u00f3 d\u2019aquest lloc web, ni per qualsevol actuaci\u00f3 realitzada sobre la base de la informaci\u00f3 que s\u2019hi facilita<\/p><p>No es garanteix l\u2019abs\u00e8ncia de virus o altres elements lesius que puguin causar danys o alteracions al sistema inform\u00e0tic, als documents electr\u00f2nics o als fitxers de l\u2019usuari d\u2019aquest lloc web. En conseq\u00fc\u00e8ncia, no es respon pels danys i perjudicis que aquests elements puguin ocasionar a lusuari o tercers.<\/p><p>Modificacions .<\/p><p>JOAN ARAGO CREHUET es reserva el dret a realitzar les modificacions que consideri oportunes, sense previ av\u00eds, en el contingut del seu lloc web. Tant pel que fa als continguts del lloc web, com a les condicions d\u2019\u00fas. Aquestes modificacions podran realitzar-se a trav\u00e9s del seu lloc web per qualsevol forma admissible en dret i seran de compliment obligat durant el temps en qu\u00e8 es trobin publicades al web i fins que no siguin modificades v\u00e0lidament per altres posteriors.<\/p><p>Marques .<\/p><p>A JOAN ARAGO CREHUET pot ser que es mencionin de forma indirecta ia nivell informatiu alguns termes i logotips, que constitueixen marques registrades pels seus respectius propietaris, no fent-nos responsable de la utilitzaci\u00f3 inadequada que poguessin fer terceres persones respecte a aquestes marques.<\/p><p>Usuari i R\u00e8gim de Responsabilitats .<\/p><p>La utilitzaci\u00f3 d\u2019aquesta p\u00e0gina web us atribueix la seva condici\u00f3 d\u2019usuari. Es recomana a l\u2019usuari que llegeixi atentament i detingudament les condicions i instruccions publicades cada vegada que accedeixi a aquesta p\u00e0gina web, at\u00e8s que l\u2019acc\u00e9s implica la lectura i l\u2019acceptaci\u00f3. Mitjan\u00e7ant l\u2019acc\u00e9s i \u00fas a www.mondocoleccion.com o qualsevol de les seves p\u00e0gines i subdominis, l\u2019usuari manifesta el seu acord de forma expressa, plena i sense reserves a les condicions i instruccions publicades a l\u2019av\u00eds legal en el moment de l\u2019acc\u00e9s sense perjudici de l\u2019aplicaci\u00f3 de la corresponent normativa de compliment legal obligat segons el cas.<\/p><p>El lloc web de JOAN ARAGO CREHUET proporciona una gran diversitat d\u2019informaci\u00f3, serveis i dades. L\u2019usuari assumeix la responsabilitat en l\u2019\u00fas correcte del lloc web. Aquesta responsabilitat s\u2019estendr\u00e0 a:<\/p><p>La veracitat i licitud de les informacions aportades per l\u2019usuari als formularis estesos per JOAN ARAGO CREHUET per a l\u2019acc\u00e9s a certs continguts o serveis oferts pel web. JOAN ARAGO CREHUET La veracitat i licitud de les informacions aportades per l\u2019usuari als formularis estesos per JOAN ARAGO CREHUET per a l\u2019acc\u00e9s a certs continguts o serveis oferts pel web.<\/p><p>L\u2019\u00fas de la informaci\u00f3, serveis i dades ofertes per JOAN ARAGO CREHUET contr\u00e0riament al que disposen aquestes condicions, la Llei, la moral, els bons costums o l\u2019ordre p\u00fablic, o que de qualsevol altra manera puguin suposar lesi\u00f3 dels drets de tercers o del mateix funcionament del lloc web.<\/p><p>Qualsevol utilitzaci\u00f3 diferent de l\u2019autoritzada est\u00e0 expressament prohibida, i JOAN ARAGO CREHUET queda facultat per denegar o retirar l\u2019acc\u00e9s i \u00fas de la Web, en qualsevol moment, i sense av\u00eds previ, a aquells usuaris que incompleixin aquestes condicions generals.<\/p><p>Podr\u00e0 adre\u00e7ar-se a lAutoritat de Control competent per presentar la reclamaci\u00f3 que consideri oportuna.<\/p><p>Menors dedat.<\/p><p>Per a l\u00fas dels serveis, els menors dedat han dobtenir sempre pr\u00e8viament el consentiment dels pares, tutors o representants legals, responsables \u00faltims de tots els actes realitzats pels menors al seu c\u00e0rrec. La responsabilitat en la determinaci\u00f3 de continguts concrets a qu\u00e8 accedeixen els menors correspon a aquells, \u00e9s per aix\u00f2 que, si accedeixen a continguts no apropiats per a Internet, s\u2019hauran d\u2019establir als seus ordinadors mecanismes, en particular programes inform\u00e0tics, filtres i bloquejos, que permetin limitar els continguts disponibles i, encara que no siguin infal\u00b7libles, s\u00f3n d\u2019especial utilitat per controlar i restringir els materials a qu\u00e8 poden accedir els menors.<\/p><p>Propietat Intel\u00b7lectual, Normativa i F\u00f2rum .<\/p><p>El lloc web, incloent-hi a t\u00edtol enunciatiu, per\u00f2 no limitatiu la seva programaci\u00f3, edici\u00f3, compilaci\u00f3 i altres elements necessaris per al seu funcionament, els dissenys, logotips, text i\/o gr\u00e0fics, s\u00f3n propietat de JOAN ARAGO CREHUET o si escau disposa de llic\u00e8ncia o autoritzaci\u00f3 expressa per part dels autors.<\/p><p>Tots els continguts del lloc web es troben degudament protegits per la normativa de propietat intel\u00b7lectual i industrial, aix\u00ed com els inscrits als registres p\u00fablics corresponents, i no es permet la reproducci\u00f3 i\/o publicaci\u00f3, total o parcial, del lloc web, ni el seu tractament inform\u00e0tic, la seva distribuci\u00f3, difusi\u00f3, modificaci\u00f3 o transformaci\u00f3, sense el perm\u00eds previ i per escrit.<\/p><p>Els dissenys, logotips, text i\/o gr\u00e0fics aliens a Isabel Pascual Ruiz i que poguessin apar\u00e8ixer al lloc web, pertanyen als seus respectius propietaris, sent ells mateixos responsables de qualsevol possible controv\u00e8rsia que pogu\u00e9s suscitar-se respecte a aquests. En tot cas JOAN ARAGO CREHUET compta amb l\u2019autoritzaci\u00f3 expressa i pr\u00e8via per part dels mateixos. JOAN ARAGO CREHUET reconeix a favor dels seus titulars els corresponents drets de propietat intel\u00b7lectual, no implicant la seva sola menci\u00f3 o aparici\u00f3 al lloc web l\u2019exist\u00e8ncia de drets o responsabilitat prestador sobre aquests, com tampoc suport, patrocini o recomanaci\u00f3 per aquest.<\/p><p>L\u2019usuari pot utilitzar el material que aparegui en aquest lloc web per a \u00fas personal i privat, quedant prohibit el seu \u00fas amb fins comercials. JOAN ARAGO CREHUET vetllar\u00e0 pel compliment de les condicions anteriors, com per la deguda utilitzaci\u00f3 dels continguts presentats a les seves p\u00e0gines web, exercitant totes les accions civils i penals que li correspondran en el cas d\u2019infracci\u00f3 o incompliment d\u2019aquests drets per part de l\u2019usuari.<\/p><p>Accions legals, legislaci\u00f3 aplicable i jurisdicci\u00f3 .<\/p><p>Aquestes condicions d\u2019\u00fas es regeixen per la legislaci\u00f3 espanyola, sent competents els jutjats i tribunals de la ciutat de JOAN ARAGO CREHUET per con\u00e8ixer de totes les q\u00fcestions que se suscitin sobre la interpretaci\u00f3, l\u2019aplicaci\u00f3 i el compliment d\u2019aquestes. Els usuaris, per virtut de la seva acceptaci\u00f3 a les condicions generals recollides en aquest Av\u00eds Legal, renuncien expressament a qualsevol fur que, per aplicaci\u00f3 de la Llei d\u2019Enjudiciament Civil vigent, els pugui correspondre.<\/p><p>JOAN ARAGO CREHUET es reserva, aix\u00ed mateix, la facultat de presentar les accions civils o penals que consideri oportunes per la utilitzaci\u00f3 indeguda del lloc web i continguts, o per l\u2019incompliment de les presents condicions. JOAN ARAGO CREHUET es reserva, aix\u00ed mateix, la facultat de presentar les accions civils o penals que consideri oportunes per la utilitzaci\u00f3 indeguda del lloc web i continguts, o per l\u2019incompliment de les presents condicions.<\/p><p>La relaci\u00f3 entre l\u2019usuari i el prestador es regir\u00e0 per la normativa vigent i aplicable al territori espanyol. Si sorgeix qualsevol controv\u00e8rsia les parts poden sotmetre els seus conflictes a arbitratge o acudir a la jurisdicci\u00f3 ordin\u00e0ria complint amb les normes sobre jurisdicci\u00f3 i compet\u00e8ncia sobre aix\u00f2. JOAN ARAGO CREHUET t\u00e9 el domicili a Barcelona, Espanya.<\/p><p>Les dades de car\u00e0cter personal que ens has facilitat de forma volunt\u00e0ria seran incorporades a un fitxer del qual \u00e9s titular JOAN ARAGO CREHUET que s\u2019utilitzar\u00e0 per gestionar la teva subscripci\u00f3 al nostre butllet\u00ed a trav\u00e9s del qual et mantindrem informat dels productes, novetats, sorteigs, serveis, esdeveniments i promocions de JOAN ARAGO CREHUET, amb e-mail info@mondocolecci\u00f3n, aix\u00ed com la gesti\u00f3 de la vostra inscripci\u00f3 i participaci\u00f3 en sorteigs, concursos o esdeveniments que sol\u00b7licite participar.<\/p><p>Subscripcions al butllet\u00ed de not\u00edcies .<\/p><p>Nom\u00e9s poden prestar el consentiment persones majors de 16 anys.<\/p><p>Les dades personals proporcionades es conservaran fins que se\u2019n sol\u00b7liciti la supressi\u00f3 o revoqui el consentiment l\u2019interessat.<\/p><p>La base legal per al tractament de les vostres dades per tal de poder informar-vos per via electr\u00f2nica sobre els productes, novetats, sorteigs, serveis, esdeveniments i promocions de JOAN ARAGO CREHUET aix\u00ed com la gesti\u00f3 de la vostra inscripci\u00f3 i participaci\u00f3 a sorteigs, concursos o esdeveniments que sol\u00b7liciteu , \u00e9s l\u2019aportaci\u00f3 del consentiment. El consentiment ser\u00e0 v\u00e0lid fins que decideixi revocar-lo.<\/p><p>Qualsevol persona t\u00e9 dret a obtenir confirmaci\u00f3 sobre si a JOAN ARAGO CREHUET estem tractant dades personals que els concerneixin o no.<\/p><p>Com a responsable del fitxer, l\u2019empresa es compromet a respectar la confidencialitat de la vostra informaci\u00f3 de car\u00e0cter personal. Per exercitar els teus drets d\u2019acc\u00e9s, rectificaci\u00f3, cancel\u00b7laci\u00f3 i oposici\u00f3 haur\u00e0s de remetre una comunicaci\u00f3 des del compte de correu electr\u00f2nic que vas fer servir per tramitar l\u2019alta a info@mondocolecci\u00f3n amb l\u2019assumpte BAIXA. Tramitar la subscripci\u00f3 al butllet\u00ed presumir\u00e0 el teu consentiment per tractar les dades en els termes indicats.<\/p><p>En el moment de la cancel\u00b7laci\u00f3 de les dades, nom\u00e9s les conservarem bloquejades en compliment d\u2019obligacions legals.<\/p><p>Serveis de Contractaci\u00f3 per Internet .<\/p><p>Certs continguts de la website de JOAN ARAGO CREHUET contenen la possibilitat de contractaci\u00f3 per Internet. L\u2019\u00fas d\u2019aquests requerir\u00e0 la lectura i l\u2019acceptaci\u00f3 obligat\u00f2ria de les condicions generals de contractaci\u00f3 establertes a aquest efecte per JOAN ARAGO CREHUET<\/p><p>Informaci\u00f3 b\u00e0sica .<\/p><p>Responsable del tractament : JOAN ARAGO CREHUET<\/p><p>Finalitat del tractament : gestionar les consultes dels usuaris i atendre les sol\u00b7licituds.<\/p><p>Base legal per al tractament: el consentiment atorgat amb l\u2019acceptaci\u00f3 de la present Pol\u00edtica de Protecci\u00f3 de dades.<\/p><p>Destinataris de les dades : no seran comunicats a terceres persones excepte per obligaci\u00f3 legal.<\/p><p>Drets : per exercir els drets d\u2019acc\u00e9s, rectificaci\u00f3, portabilitat i supressi\u00f3 de les vostres dades i els de limitaci\u00f3 i oposici\u00f3 al vostre tractament reconeguts per la normativa, podeu enviar un correu a info@mondocolecci\u00f3n.<\/p><p>Per a m\u00e9s informaci\u00f3 sobre aquest tractament i com exercir els vostres drets podeu consultar la nostra pol\u00edtica completa de protecci\u00f3 de dades a: www.mondocoleccion.com.<\/p><p><\/p><p><\/p>","protected":false},"excerpt":{"rendered":"<p>L&#8217;\u00fas d\u00b4aquest lloc web, www.mondocoleccion.com, implica l\u00b4acceptaci\u00f3 d\u00b4aquests termes. Si no esteu d\u2019acord amb ells, us preguem que no utilitzeu aquest lloc web. Aquest Av\u00eds Legal regula l\u2019\u00fas del lloc web www.mondocoleccion.com sent el seu titular JOAN ARAGO CREHUET Responsable del tractament de les teves dades personals Identitat del Responsable : JOAN ARAGO CREHUETCorreu electr\u00f2nic [&hellip;]<\/p>","protected":false},"author":1,"featured_media":0,"parent":0,"menu_order":0,"comment_status":"closed","ping_status":"closed","template":"","meta":{"_joinchat":[],"footnotes":""},"class_list":["post-146","page","type-page","status-publish","hentry"],"_links":{"self":[{"href":"https:\/\/mondocoleccion.com\/en\/wp-json\/wp\/v2\/pages\/146","targetHints":{"allow":["GET"]}}],"collection":[{"href":"https:\/\/mondocoleccion.com\/en\/wp-json\/wp\/v2\/pages"}],"about":[{"href":"https:\/\/mondocoleccion.com\/en\/wp-json\/wp\/v2\/types\/page"}],"author":[{"embeddable":true,"href":"https:\/\/mondocoleccion.com\/en\/wp-json\/wp\/v2\/users\/1"}],"replies":[{"embeddable":true,"href":"https:\/\/mondocoleccion.com\/en\/wp-json\/wp\/v2\/comments?post=146"}],"version-history":[{"count":6,"href":"https:\/\/mondocoleccion.com\/en\/wp-json\/wp\/v2\/pages\/146\/revisions"}],"predecessor-version":[{"id":647,"href":"https:\/\/mondocoleccion.com\/en\/wp-json\/wp\/v2\/pages\/146\/revisions\/647"}],"wp:attachment":[{"href":"https:\/\/mondocoleccion.com\/en\/wp-json\/wp\/v2\/media?parent=146"}],"curies":[{"name":"wp","href":"https:\/\/api.w.org\/{rel}","templated":true}]}}