{"id":236,"date":"2020-11-11T09:00:08","date_gmt":"2020-11-11T08:00:08","guid":{"rendered":"https:\/\/mondocoleccion.com\/contact\/"},"modified":"2025-09-18T10:48:13","modified_gmt":"2025-09-18T08:48:13","slug":"contact","status":"publish","type":"page","link":"https:\/\/mondocoleccion.com\/en\/contact\/","title":{"rendered":"Contact"},"content":{"rendered":"<div data-elementor-type=\"wp-page\" data-elementor-id=\"236\" class=\"elementor elementor-236\">\n\t\t\t\t<div class=\"elementor-element elementor-element-2934f4d e-con-full e-flex e-con e-parent\" data-id=\"2934f4d\" data-element_type=\"container\">\n\t\t\t\t<\/div>\n\t\t<div class=\"elementor-element elementor-element-93db630 e-flex e-con-boxed e-con e-parent\" data-id=\"93db630\" data-element_type=\"container\" data-settings=\"{&quot;background_background&quot;:&quot;classic&quot;}\">\n\t\t\t\t\t<div class=\"e-con-inner\">\n\t\t<div class=\"elementor-element elementor-element-463cb71 e-con-full e-flex e-con e-child\" data-id=\"463cb71\" data-element_type=\"container\">\n\t\t<div class=\"elementor-element elementor-element-cb93e04 e-grid e-con-full e-con e-child\" data-id=\"cb93e04\" data-element_type=\"container\">\n\t\t\t\t<div class=\"elementor-element elementor-element-e69b979 elementor-widget elementor-widget-aux_modern_heading\" data-id=\"e69b979\" data-element_type=\"widget\" data-widget_type=\"aux_modern_heading.default\">\n\t\t\t\t<div class=\"elementor-widget-container\">\n\t\t\t\t\t<section class=\"aux-widget-modern-heading\">\n            <div class=\"aux-widget-inner\"><h3 class=\"aux-modern-heading-primary\">Phone<\/h3><div class=\"aux-modern-heading-description\"><p class=\"p1\">649379280<\/p><p class=\"p1\">682269119<\/p><\/div><\/div>\n        <\/section>\t\t\t\t<\/div>\n\t\t\t\t<\/div>\n\t\t\t\t<div class=\"elementor-element elementor-element-6aa4798 elementor-widget elementor-widget-aux_modern_heading\" data-id=\"6aa4798\" data-element_type=\"widget\" data-widget_type=\"aux_modern_heading.default\">\n\t\t\t\t<div class=\"elementor-widget-container\">\n\t\t\t\t\t<section class=\"aux-widget-modern-heading\">\n            <div class=\"aux-widget-inner\"><h3 class=\"aux-modern-heading-primary\">Address<\/h3><div class=\"aux-modern-heading-description\"><p>Barcelona<\/p><\/div><\/div>\n        <\/section>\t\t\t\t<\/div>\n\t\t\t\t<\/div>\n\t\t\t\t<div class=\"elementor-element elementor-element-941f3df elementor-widget elementor-widget-aux_modern_heading\" data-id=\"941f3df\" data-element_type=\"widget\" data-widget_type=\"aux_modern_heading.default\">\n\t\t\t\t<div class=\"elementor-widget-container\">\n\t\t\t\t\t<section class=\"aux-widget-modern-heading\">\n            <div class=\"aux-widget-inner\"><h3 class=\"aux-modern-heading-primary\">Email<\/h3><div class=\"aux-modern-heading-description\"><p class=\"p1\"><span class=\"s1\">mondocoleccion.barcelona@gmail.com<\/span><\/p><\/div><\/div>\n        <\/section>\t\t\t\t<\/div>\n\t\t\t\t<\/div>\n\t\t\t\t<\/div>\n\t\t\t\t<div class=\"elementor-element elementor-element-2c6d6ff elementor-widget elementor-widget-aux_modern_heading\" data-id=\"2c6d6ff\" data-element_type=\"widget\" data-widget_type=\"aux_modern_heading.default\">\n\t\t\t\t<div class=\"elementor-widget-container\">\n\t\t\t\t\t<section class=\"aux-widget-modern-heading\">\n            <div class=\"aux-widget-inner\"><h2 class=\"aux-modern-heading-primary\">Contact<\/h2><div class=\"aux-modern-heading-description\"><p class=\"translation-block\">At Mondo Colecci\u00f3n, we're here to answer your questions, help you with your order, or provide you with the best experience in our online store. If you need assistance, product information, or have any questions, don't hesitate to contact us.<\/p><\/div><\/div>\n        <\/section>\t\t\t\t<\/div>\n\t\t\t\t<\/div>\n\t\t\t\t<div class=\"elementor-element elementor-element-1d333a5 elementor-widget elementor-widget-image\" data-id=\"1d333a5\" data-element_type=\"widget\" data-widget_type=\"image.default\">\n\t\t\t\t<div class=\"elementor-widget-container\">\n\t\t\t\t\t\t\t\t\t\t\t\t\t\t\t<img fetchpriority=\"high\" decoding=\"async\" width=\"1920\" height=\"600\" src=\"https:\/\/mondocoleccion.com\/wp-content\/uploads\/2025\/02\/Diseno-sin-titulo-5-3.jpg\" class=\"attachment-full size-full wp-image-433\" alt=\"\" srcset=\"https:\/\/mondocoleccion.com\/wp-content\/uploads\/2025\/02\/Diseno-sin-titulo-5-3.jpg 1920w, https:\/\/mondocoleccion.com\/wp-content\/uploads\/2025\/02\/Diseno-sin-titulo-5-3-1536x480.jpg 1536w, https:\/\/mondocoleccion.com\/wp-content\/uploads\/2025\/02\/Diseno-sin-titulo-5-3-600x188.jpg 600w\" sizes=\"(max-width: 1920px) 100vw, 1920px\" \/>\t\t\t\t\t\t\t\t\t\t\t\t\t\t\t<\/div>\n\t\t\t\t<\/div>\n\t\t\t\t<\/div>\n\t\t\t\t\t<\/div>\n\t\t\t\t<\/div>\n\t\t\t\t<\/div>","protected":false},"excerpt":{"rendered":"<p>Tel\u00e9fono 649379280 682269119 Address Barcelona Email mondocoleccion.barcelona@gmail.com Contactar En Mondo Colecci\u00f3n, estamos aqu\u00ed para resolver tus dudas, ayudarte con tu pedido o brindarte la mejor experiencia en nuestra tienda online. Si necesitas asistencia, informaci\u00f3n sobre productos o tienes cualquier consulta, no dudes en escribirnos.<\/p>","protected":false},"author":1,"featured_media":0,"parent":0,"menu_order":0,"comment_status":"closed","ping_status":"closed","template":"templates\/page-builder-content.php","meta":{"_joinchat":[],"footnotes":""},"class_list":["post-236","page","type-page","status-publish","hentry"],"_links":{"self":[{"href":"https:\/\/mondocoleccion.com\/en\/wp-json\/wp\/v2\/pages\/236","targetHints":{"allow":["GET"]}}],"collection":[{"href":"https:\/\/mondocoleccion.com\/en\/wp-json\/wp\/v2\/pages"}],"about":[{"href":"https:\/\/mondocoleccion.com\/en\/wp-json\/wp\/v2\/types\/page"}],"author":[{"embeddable":true,"href":"https:\/\/mondocoleccion.com\/en\/wp-json\/wp\/v2\/users\/1"}],"replies":[{"embeddable":true,"href":"https:\/\/mondocoleccion.com\/en\/wp-json\/wp\/v2\/comments?post=236"}],"version-history":[{"count":40,"href":"https:\/\/mondocoleccion.com\/en\/wp-json\/wp\/v2\/pages\/236\/revisions"}],"predecessor-version":[{"id":639,"href":"https:\/\/mondocoleccion.com\/en\/wp-json\/wp\/v2\/pages\/236\/revisions\/639"}],"wp:attachment":[{"href":"https:\/\/mondocoleccion.com\/en\/wp-json\/wp\/v2\/media?parent=236"}],"curies":[{"name":"wp","href":"https:\/\/api.w.org\/{rel}","templated":true}]}}