{"id":237,"date":"2020-11-11T08:59:10","date_gmt":"2020-11-11T07:59:10","guid":{"rendered":"https:\/\/mondocoleccion.com\/about\/"},"modified":"2025-03-05T12:06:01","modified_gmt":"2025-03-05T11:06:01","slug":"about","status":"publish","type":"page","link":"https:\/\/mondocoleccion.com\/en\/about\/","title":{"rendered":"Nosotros"},"content":{"rendered":"<div data-elementor-type=\"wp-page\" data-elementor-id=\"237\" class=\"elementor elementor-237\">\n\t\t\t\t<div class=\"elementor-element elementor-element-cf19813 e-flex e-con-boxed e-con e-parent\" data-id=\"cf19813\" data-element_type=\"container\" data-settings=\"{&quot;background_background&quot;:&quot;classic&quot;}\">\n\t\t\t\t\t<div class=\"e-con-inner\">\n\t\t<div class=\"elementor-element elementor-element-8a4be93 e-con-full e-flex e-con e-child\" data-id=\"8a4be93\" data-element_type=\"container\">\n\t\t\t\t<div class=\"elementor-element elementor-element-49111c1 elementor-widget__width-auto aux-appear-watch-animation aux-mask-from-top elementor-widget elementor-widget-aux_image\" data-id=\"49111c1\" data-element_type=\"widget\" data-widget_type=\"aux_image.default\">\n\t\t\t\t<div class=\"elementor-widget-container\">\n\t\t\t\t\t<section class=\"widget-container aux-widget-image aux-alignnone aux-parent-auc383aa39\">\n    <div class=\"aux-media-hint-frame\">\n        <div class=\"aux-media-image\" >\n        \n            \n\n            \n            <img decoding=\"async\" src=\"https:\/\/mondocoleccion.com\/wp-content\/uploads\/2025\/02\/Captura-de-pantalla-2025-02-18-114002.png\" alt=\"Captura de pantalla 2025-02-18 114002\" \/>            \n                <\/div>\n    <\/div>\n\n<\/section><!-- widget-container -->\t\t\t\t<\/div>\n\t\t\t\t<\/div>\n\t\t\t\t<\/div>\n\t\t<div class=\"elementor-element elementor-element-89e26e9 e-con-full e-flex e-con e-child\" data-id=\"89e26e9\" data-element_type=\"container\" data-settings=\"{&quot;background_background&quot;:&quot;classic&quot;}\">\n\t\t\t\t<div class=\"elementor-element elementor-element-7165423 aux-appear-watch-animation aux-fade-in-up-1 elementor-widget elementor-widget-aux_modern_heading\" data-id=\"7165423\" data-element_type=\"widget\" data-widget_type=\"aux_modern_heading.default\">\n\t\t\t\t<div class=\"elementor-widget-container\">\n\t\t\t\t\t<section class=\"aux-widget-modern-heading\">\n            <div class=\"aux-widget-inner\"><h2 class=\"aux-modern-heading-primary\">What We Do<\/h2><div class=\"aux-modern-heading-description\"><p data-start=\"27\" data-end=\"303\">Welcome to <strong data-start=\"40\" data-end=\"59\">Mondo Colecci\u00f3n<\/strong>, the ultimate refuge for lovers of uncensored, dark, and forbidden entertainment. We're more than an online store: we're a community for those seeking the transgressive, the erotic, and the disturbing in all its forms.<\/p><p data-start=\"305\" data-end=\"615\">Our mission is to offer you a careful selection of <strong data-start=\"358\" data-end=\"410\">Adult Comics, Dark Films, Eroticism and Pornography<\/strong>, with exclusive editions, cult classics, and collections that challenge the limits of the imagination. We're passionate about thought-provoking art, disturbing cinema, and stories that awaken the senses.<\/p><p data-start=\"617\" data-end=\"851\">In <strong data-start=\"620\" data-end=\"639\">Mondo Colecci\u00f3n<\/strong>We value the privacy and experience of our customers. That's why we guarantee <strong data-start=\"726\" data-end=\"794\">Discreet shipping, personalized attention, and a secure platform<\/strong> so that you can explore and acquire what you really want.<\/p><p data-start=\"853\" data-end=\"983\">If conventional isn't enough for you, you've come to the right place. <strong data-start=\"929\" data-end=\"981\">Dare to discover what others are afraid to show.<\/strong><\/p><\/div><\/div>\n        <\/section>\t\t\t\t<\/div>\n\t\t\t\t<\/div>\n\t\t\t\t<div class=\"elementor-element elementor-element-288e23e aux-appear-watch-animation aux-mask-from-top elementor-widget elementor-widget-aux_image\" data-id=\"288e23e\" data-element_type=\"widget\" data-widget_type=\"aux_image.default\">\n\t\t\t\t<div class=\"elementor-widget-container\">\n\t\t\t\t\t<section class=\"widget-container aux-widget-image aux-alignnone aux-parent-au7b58966f\">\n    <div class=\"aux-media-hint-frame\">\n        <div class=\"aux-media-image\" >\n        \n            \n\n            \n            <img decoding=\"async\" src=\"https:\/\/mondocoleccion.com\/wp-content\/uploads\/2025\/03\/pinturas-al-oleo-de-mujeres-pintadas-3.jpg\" alt=\"pinturas-al-oleo-de-mujeres-pintadas-3\" \/>            \n                <\/div>\n    <\/div>\n\n<\/section><!-- widget-container -->\t\t\t\t<\/div>\n\t\t\t\t<\/div>\n\t\t\t\t<\/div>\n\t\t<div class=\"elementor-element elementor-element-4dd9202 e-con-full e-flex e-con e-child\" data-id=\"4dd9202\" data-element_type=\"container\">\n\t\t\t\t<div class=\"elementor-element elementor-element-c7f91d4 elementor-widget__width-auto aux-appear-watch-animation aux-mask-from-top elementor-widget elementor-widget-aux_image\" data-id=\"c7f91d4\" data-element_type=\"widget\" data-widget_type=\"aux_image.default\">\n\t\t\t\t<div class=\"elementor-widget-container\">\n\t\t\t\t\t<section class=\"widget-container aux-widget-image aux-alignnone aux-parent-aucf2393bc\">\n    <div class=\"aux-media-hint-frame\">\n        <div class=\"aux-media-image\" >\n        \n            \n\n            \n            <img decoding=\"async\" src=\"https:\/\/mondocoleccion.com\/wp-content\/uploads\/2025\/03\/Captura-de-pantalla-2025-03-03-170534.jpg\" alt=\"Captura de pantalla 2025-03-03 170534\" \/>            \n                <\/div>\n    <\/div>\n\n<\/section><!-- widget-container -->\t\t\t\t<\/div>\n\t\t\t\t<\/div>\n\t\t\t\t<\/div>\n\t\t\t\t\t<\/div>\n\t\t\t\t<\/div>\n\t\t\t\t<\/div>","protected":false},"excerpt":{"rendered":"<p>What We Do Bienvenido a Mondo Colecci\u00f3n, el refugio definitivo para los amantes del entretenimiento sin censura, lo oscuro y lo prohibido. Somos m\u00e1s que una tienda online: somos una comunidad para aquellos que buscan lo transgresor, lo er\u00f3tico y lo inquietante en todas sus formas. Nuestra misi\u00f3n es ofrecerte una cuidada selecci\u00f3n de Adult [&hellip;]<\/p>","protected":false},"author":1,"featured_media":0,"parent":0,"menu_order":0,"comment_status":"closed","ping_status":"closed","template":"templates\/page-builder-content.php","meta":{"_joinchat":[],"footnotes":""},"class_list":["post-237","page","type-page","status-publish","hentry"],"_links":{"self":[{"href":"https:\/\/mondocoleccion.com\/en\/wp-json\/wp\/v2\/pages\/237","targetHints":{"allow":["GET"]}}],"collection":[{"href":"https:\/\/mondocoleccion.com\/en\/wp-json\/wp\/v2\/pages"}],"about":[{"href":"https:\/\/mondocoleccion.com\/en\/wp-json\/wp\/v2\/types\/page"}],"author":[{"embeddable":true,"href":"https:\/\/mondocoleccion.com\/en\/wp-json\/wp\/v2\/users\/1"}],"replies":[{"embeddable":true,"href":"https:\/\/mondocoleccion.com\/en\/wp-json\/wp\/v2\/comments?post=237"}],"version-history":[{"count":8,"href":"https:\/\/mondocoleccion.com\/en\/wp-json\/wp\/v2\/pages\/237\/revisions"}],"predecessor-version":[{"id":516,"href":"https:\/\/mondocoleccion.com\/en\/wp-json\/wp\/v2\/pages\/237\/revisions\/516"}],"wp:attachment":[{"href":"https:\/\/mondocoleccion.com\/en\/wp-json\/wp\/v2\/media?parent=237"}],"curies":[{"name":"wp","href":"https:\/\/api.w.org\/{rel}","templated":true}]}}