{"id":558,"date":"2025-06-27T12:46:17","date_gmt":"2025-06-27T10:46:17","guid":{"rendered":"https:\/\/mondocoleccion.com\/?post_type=product&#038;p=558"},"modified":"2025-10-16T18:33:07","modified_gmt":"2025-10-16T16:33:07","slug":"das-deutsche-kettensagen-massaker-vhs","status":"publish","type":"product","link":"https:\/\/mondocoleccion.com\/en\/product\/das-deutsche-kettensagen-massaker-vhs\/","title":{"rendered":"DAS DEUTSCHE KETTENSAGEN MASSAKER (VHS)"},"content":{"rendered":"<div class=\"Y3BBE\" data-sfc-cp=\"\" data-hveid=\"CAMQAA\" data-complete=\"true\" data-processed=\"true\">Das deutsche Kettens\u00e4genmassaker\u00a0ist ein kultiger deutscher Horrorfilm aus dem Jahr 1990 von Regisseur Christoph Schlingensief. Da es sich um eine Produktion aus den fr\u00fchen 90er Jahren handelt, wurde der Film urspr\u00fcnglich auf VHS ver\u00f6ffentlicht und ist in dieser Form heute eine gesuchte Rarit\u00e4t.<span class=\"uJ19be notranslate\" data-wiz-uids=\"dUxTYc_j,dUxTYc_k\" data-complete=\"true\" data-processed=\"true\"><span class=\"vKEkVd\" data-animation-atomic=\"\" data-sae=\"\">\u00a0<button class=\"rBl3me\" tabindex=\"0\" data-amic=\"true\" data-icl-uuid=\"3b2300b4-3bc1-473a-9d32-263888dbd696\" aria-label=\"Ver enlaces relacionados\" data-ved=\"2ahUKEwja6o6Jh6mQAxXcVaQEHZozKskQye0OegQIAxAB\"><\/button><\/span><\/span><\/div>\n<div class=\"Y3BBE\" data-sfc-cp=\"\" data-hveid=\"CAQQAA\" data-processed=\"true\" data-complete=\"true\">\n<pre id=\"tw-target-text\" class=\"tw-data-text tw-text-large tw-ta\" dir=\"ltr\" tabindex=\"-1\" role=\"text\" data-placeholder=\"Traducci\u00f3n\" data-ved=\"2ahUKEwiL-Yenh6mQAxX9RKQEHUVgFEgQ3ewLegQIDBAV\" aria-label=\"Texto traducido: La Matanza Alemana es una pel\u00edcula de terror alemana de culto de 1990 dirigida por Christoph Schlingensief. Producida a principios de los 90, se estren\u00f3 originalmente en VHS y ahora es una rareza muy solicitada en este formato. Puntos clave sobre la versi\u00f3n en VHS\"><span class=\"Y2IQFc\" lang=\"es\">La Matanza Alemana es una pel\u00edcula de terror alemana de culto de 1990 dirigida por Christoph Schlingensief. \r\nProducida a principios de los 90, se estren\u00f3 originalmente en VHS y ahora es una rareza muy solicitada en este formato.<\/span><\/pre>\n<\/div>","protected":false},"excerpt":{"rendered":"<p>Das deutsche Kettens\u00e4genmassaker\u00a0ist ein kultiger deutscher Horrorfilm aus dem Jahr 1990 von Regisseur Christoph Schlingensief. Da es sich um eine Produktion aus den fr\u00fchen 90er Jahren handelt, wurde der Film urspr\u00fcnglich auf VHS ver\u00f6ffentlicht und ist in dieser Form heute eine gesuchte Rarit\u00e4t.\u00a0 La Matanza Alemana es una pel\u00edcula de terror alemana de culto de [&hellip;]<\/p>","protected":false},"featured_media":559,"comment_status":"open","ping_status":"closed","template":"","meta":{"_joinchat":[]},"product_brand":[],"product_cat":[63],"product_tag":[93,96,94,95,97],"class_list":{"0":"post-558","1":"product","2":"type-product","3":"status-publish","4":"has-post-thumbnail","6":"product_cat-dark-films","7":"product_tag-gore","8":"product_tag-sci-fi","9":"product_tag-serie-b","10":"product_tag-terror","11":"product_tag-vhs","13":"first","14":"instock","15":"shipping-taxable","16":"purchasable","17":"product-type-simple"},"_links":{"self":[{"href":"https:\/\/mondocoleccion.com\/en\/wp-json\/wp\/v2\/product\/558","targetHints":{"allow":["GET"]}}],"collection":[{"href":"https:\/\/mondocoleccion.com\/en\/wp-json\/wp\/v2\/product"}],"about":[{"href":"https:\/\/mondocoleccion.com\/en\/wp-json\/wp\/v2\/types\/product"}],"replies":[{"embeddable":true,"href":"https:\/\/mondocoleccion.com\/en\/wp-json\/wp\/v2\/comments?post=558"}],"wp:featuredmedia":[{"embeddable":true,"href":"https:\/\/mondocoleccion.com\/en\/wp-json\/wp\/v2\/media\/559"}],"wp:attachment":[{"href":"https:\/\/mondocoleccion.com\/en\/wp-json\/wp\/v2\/media?parent=558"}],"wp:term":[{"taxonomy":"product_brand","embeddable":true,"href":"https:\/\/mondocoleccion.com\/en\/wp-json\/wp\/v2\/product_brand?post=558"},{"taxonomy":"product_cat","embeddable":true,"href":"https:\/\/mondocoleccion.com\/en\/wp-json\/wp\/v2\/product_cat?post=558"},{"taxonomy":"product_tag","embeddable":true,"href":"https:\/\/mondocoleccion.com\/en\/wp-json\/wp\/v2\/product_tag?post=558"}],"curies":[{"name":"wp","href":"https:\/\/api.w.org\/{rel}","templated":true}]}}