{"id":653,"date":"2025-10-16T17:28:54","date_gmt":"2025-10-16T15:28:54","guid":{"rendered":"https:\/\/mondocoleccion.com\/?post_type=product&#038;p=653"},"modified":"2025-10-16T17:28:54","modified_gmt":"2025-10-16T15:28:54","slug":"postal-cpa-erotica-art-deco-desnudo-mujer-j-mandel-paris","status":"publish","type":"product","link":"https:\/\/mondocoleccion.com\/en\/product\/postal-cpa-erotica-art-deco-desnudo-mujer-j-mandel-paris\/","title":{"rendered":"POSTAL CPA ER\u00d3TICA, ART DECO ,DESNUDO, MUJER, J.MANDEL PAR\u00cdS"},"content":{"rendered":"<p>POSTAL CPA ER\u00d3TICA, ART DECO ,DESNUDO, MUJER, SAPI, PARIS<\/p>\n<p>14cm x 9cm\u00a0 ORIGINAL PRINCIPIOS SIGLO XX<\/p>","protected":false},"excerpt":{"rendered":"<p>POSTAL CPA ER\u00d3TICA, ART DECO ,DESNUDO, MUJER, SAPI, PARIS 14cm x 9cm\u00a0 ORIGINAL PRINCIPIOS SIGLO XX<\/p>","protected":false},"featured_media":654,"comment_status":"open","ping_status":"closed","template":"","meta":{"_joinchat":[]},"product_brand":[],"product_cat":[58],"product_tag":[76,77,78,80,75,79,81],"class_list":{"0":"post-653","1":"product","2":"type-product","3":"status-publish","4":"has-post-thumbnail","6":"product_cat-erotic","7":"product_tag-art-deco","8":"product_tag-desnudo","9":"product_tag-mujer","10":"product_tag-paris","11":"product_tag-postal-cpa-erotica","12":"product_tag-sapi","13":"product_tag-woman","15":"first","16":"instock","17":"shipping-taxable","18":"purchasable","19":"product-type-simple"},"_links":{"self":[{"href":"https:\/\/mondocoleccion.com\/en\/wp-json\/wp\/v2\/product\/653","targetHints":{"allow":["GET"]}}],"collection":[{"href":"https:\/\/mondocoleccion.com\/en\/wp-json\/wp\/v2\/product"}],"about":[{"href":"https:\/\/mondocoleccion.com\/en\/wp-json\/wp\/v2\/types\/product"}],"replies":[{"embeddable":true,"href":"https:\/\/mondocoleccion.com\/en\/wp-json\/wp\/v2\/comments?post=653"}],"wp:featuredmedia":[{"embeddable":true,"href":"https:\/\/mondocoleccion.com\/en\/wp-json\/wp\/v2\/media\/654"}],"wp:attachment":[{"href":"https:\/\/mondocoleccion.com\/en\/wp-json\/wp\/v2\/media?parent=653"}],"wp:term":[{"taxonomy":"product_brand","embeddable":true,"href":"https:\/\/mondocoleccion.com\/en\/wp-json\/wp\/v2\/product_brand?post=653"},{"taxonomy":"product_cat","embeddable":true,"href":"https:\/\/mondocoleccion.com\/en\/wp-json\/wp\/v2\/product_cat?post=653"},{"taxonomy":"product_tag","embeddable":true,"href":"https:\/\/mondocoleccion.com\/en\/wp-json\/wp\/v2\/product_tag?post=653"}],"curies":[{"name":"wp","href":"https:\/\/api.w.org\/{rel}","templated":true}]}}